{"id":4878,"date":"2021-01-19T15:17:45","date_gmt":"2021-01-19T14:17:45","guid":{"rendered":"https:\/\/www.d-kart.de\/?page_id=4878"},"modified":"2024-05-06T12:24:01","modified_gmt":"2024-05-06T10:24:01","slug":"der-digital-markets-act","status":"publish","type":"page","link":"https:\/\/www.d-kart.de\/en\/der-digital-markets-act\/","title":{"rendered":"Der Digital Markets Act"},"content":{"rendered":"\n<p>Der Digital Markets Act wurde am 15.12.2020 von der Kommission beschlossen und soll f\u00fcr Gatekeeper eine Regulierung in Form eines Verbotskatalogs f\u00fcr bestimmte Verhaltensweisen einf\u00fchren. <\/p>\n\n\n\n<div class=\"wp-block-file\"><a href=\"https:\/\/www.d-kart.de\/wp-content\/uploads\/2021\/02\/Digital-Markets-Act-v.-15.12.2020.pdf\">Digital Markets Act vom 15.12.2020, englische Version<\/a><\/div>\n\n\n\n<div class=\"wp-block-file\"><a href=\"https:\/\/www.d-kart.de\/wp-content\/uploads\/2021\/02\/CELEX3A52020PC08423ADE3ATXT-2.pdf\">Digital Markets Act vom 15.12.2020, deutsche Version<\/a><\/div>\n\n\n\n<h3 class=\"wp-block-heading\">Downloads<\/h3>\n\n\n\n<p>An dieser Stelle finden Sie Materialien, die von Studentinnen und Studenten zum Facebook-Fall erstellt wurden.<\/p>\n\n\n\n<div class=\"wp-block-file\"><a href=\"https:\/\/www.d-kart.de\/wp-content\/uploads\/2021\/03\/Digi-Comp-DMA.pdf\">Digital Markets Act &#8211; Powerpoint<\/a><\/div>\n\n\n\n<div class=\"wp-block-file\"><a href=\"https:\/\/www.d-kart.de\/wp-content\/uploads\/2021\/02\/DigiComp-DMA.pdf\">Digital Markets Act &#8211; Zusammenfassung<\/a><\/div>\n\n\n\n<h3 class=\"wp-block-heading\">Aufs\u00e4tze<\/h3>\n\n\n\n<figure class=\"wp-block-table is-style-stripes\"><table class=\"has-fixed-layout\"><tbody><tr><td><strong>Autor<\/strong><\/td><td><strong>Titel<\/strong><\/td><td><strong>Ver\u00f6ffentlichung<\/strong><\/td><td><strong>Datum<\/strong><\/td><\/tr><tr><td><em>Basedow<\/em>, J\u00fcrgen<\/td><td>Das Rad neu erfunden: Zum Vorschlag f\u00fcr einen Digital Markets Act<\/td><td>ZEuP, Vol. 29, 2021, available at <a href=\"https:\/\/papers.ssrn.com\/sol3\/papers.cfm?abstract_id=3773711\">SSRN<\/a><\/td><td><\/td><\/tr><tr><td><em>Belloso<\/em>, Natalia Moreno\/ <em>Petit<\/em>, Nicolas<\/td><td>The EU Digital Markets Act (DMA): A Competition Hand in a Regulatory Glove<\/td><td>48 European Law Review 2023, 391, available at <a href=\"https:\/\/ssrn.com\/abstract=4411743\" target=\"_blank\" rel=\"noreferrer noopener\">SSRN<\/a><\/td><td><\/td><\/tr><tr><td><em>Bentata<\/em>, Pierre<\/td><td>Regulating &#8216;Gatekeepers&#8217;: Predictable &#8216;Unitended Consequences&#8217; of the DMA for Users&#8217; Welfare<\/td><td><a href=\"https:\/\/papers.ssrn.com\/sol3\/papers.cfm?abstract_id=3804067\">SSRN<\/a><\/td><td>11.3.2021<\/td><\/tr><tr><td><em>Bernhardt<\/em>, Lea\/ <em>Voges<\/em>, Paul<\/td><td>Kartellrechtsdurchsetzung in Plattformm\u00e4rkten \u2013 Strukturelle und funktionale Entflechtung von Plattformen<\/td><td>WuW 2022, 651<\/td><td><\/td><\/tr><tr><td>Brauneck, Jens<\/td><td>Der DMA \u2013 das neue, bessere digitale EU-Wettbewerbsrecht<\/td><td>RDi 2023, 27<\/td><td><\/td><\/tr><tr><td><em>Bueren<\/em>, Eckart\/ <em>Zober<\/em>, Marcel<\/td><td>Privatrechtliche Durchsetzung des DMA nach der 11. GWB-Novelle<\/td><td>NZKart 2023, 642<\/td><td><\/td><\/tr><tr><td><em>Cabral<\/em>, Lu\u00eds\/ <em>Haucap<\/em>, Justus\/ <em>Parker<\/em>, Geoffrey\/ <em>Petropoulos<\/em>, Georgios\/ <em>Valletti,<\/em> Tommaso\/ <em>Van Alstyne<\/em>, Marshall<\/td><td>The EU Digital Markets Act<br>A Report from a Panel of Economic Experts<\/td><td><a href=\"https:\/\/publications.jrc.ec.europa.eu\/repository\/handle\/JRC122910\">European Commission<\/a><\/td><td>8.2.2021<\/td><\/tr><tr><td><em>Caffarra<\/em>, Cristina\/ <em>Scott Morton<\/em>, Fiona<\/td><td>The European Commission Digital Markets&nbsp;<br>Act: A translation<\/td><td><a href=\"https:\/\/voxeu.org\/article\/european-commission-digital-markets-act-translation\">VoxEU<\/a><\/td><td>5.1.2021<\/td><\/tr><tr><td><em>Colangelo<\/em>, Giuseppe<\/td><td>The European Digital Markets Act and Antitrust Enforcement: A Liaison Dangereuse<\/td><td><a href=\"https:\/\/ssrn.com\/abstract=4070310\" target=\"_blank\" rel=\"noreferrer noopener\">SSRN<\/a><\/td><td>8.4.2022<\/td><\/tr><tr><td><em>de Streel<\/em>, Alexandre\/ <em>Cave<\/em>, Martin\/ <em>Feasey<\/em>, Richard\/ <em>Kr\u00e4mer<\/em>, Jan\/ <em>Monti<\/em>, Giorgio<\/td><td>Report: Digital Markets Act: Making economic regulation of platforms fit for the digital age<\/td><td><a href=\"https:\/\/cerre.eu\/publications\/digital-markets-act-economic-regulation-platforms-digital-age\/\">CERRE<\/a><\/td><td>Dezember 2020<\/td><\/tr><tr><td><em>de Streel<\/em>, Alexandre\/ <em>Liebhaberg<\/em>, Bruno\/ <em>Fletcher<\/em>, Amelia\/ <em>Feasey<\/em>, Richard\/ <em>Kr\u00e4mer<\/em>, Jan\/ <em>Monti<\/em>, Giorgio<\/td><td>The European proposal for a Digital Markets Act: A first assessment<\/td><td><a href=\"https:\/\/cerre.eu\/publications\/the-european-proposal-for-a-digital-markets-act-a-first-assessment\/\">CERRE<\/a><\/td><td>Januar 2021<\/td><\/tr><tr><td><em>de Streel<\/em>, Alexandre et al.<\/td><td>Enforcing the Digital Markets Act: Institutional Choices, Compliance, and Antitrust<\/td><td><a href=\"https:\/\/ssrn.com\/abstract=4314848\" target=\"_blank\" rel=\"noreferrer noopener\">SSRN<\/a><\/td><td>5.1.2023<\/td><\/tr><tr><td><em>Drexl<\/em>, Josef et al.<\/td><td>Position Statement of the Max Planck Institute for Innovation and Competition of 2 May 2023 in the Implementation of the DMA<\/td><td>GRUR Int. 2023, 864, available at <a href=\"https:\/\/ssrn.com\/abstract=4437220\" target=\"_blank\" rel=\"noreferrer noopener\">SSRN<\/a><\/td><td><\/td><\/tr><tr><td><em>Geradin<\/em>, Damien<\/td><td>What is a digital gatekeeper? Which platforms should be captured by the EC proposal for a Digital Market Act?<\/td><td><a href=\"https:\/\/papers.ssrn.com\/sol3\/papers.cfm?abstract_id=3788152\">SSRN<\/a><\/td><td>18.02.2021<\/td><\/tr><tr><td><em>Gerpott<\/em>, Torsten<\/td><td>Neue Pflichten f\u00fcr gro\u00dfe Betreiber digitaler Plattformen \u2013 Vergleich von \u00a7 19a GWB und DMA-Kommissionsvorschlag<\/td><td>NZKart 2021, 273<\/td><td><\/td><\/tr><tr><td><em>Gielen<\/em>, Nico \/<em>Uphues<\/em>, Steffen<\/td><td>Digital Markets Act und Digital Services Act<\/td><td>EuZW 2021, 627<\/td><td><\/td><\/tr><tr><td><em>Gr\u00fcnwald<\/em>, Andreas<\/td><td>\u201eBig Tech\u201c-Regulierung zwischen GWB-Novelle und Digital Markets Act<\/td><td>MMR 2020, 822<\/td><td><\/td><\/tr><tr><td><em>Herbers<\/em>, Bj\u00f6rn\/ <em>Savary<\/em>, Fiona\/ <em>Gr\u00f6f<\/em>, Sophia Catharina<\/td><td>Die Revolution der Digitalregulierung in Auktion \u2013 Umsetzung des DMA durch die EU<\/td><td>GRUR-Prax 2023, 151<\/td><td><\/td><\/tr><tr><td><em>Holm-Hadulla<\/em>, Moritz\/ <em>Bug, <\/em>Hannah\/ <em>Winkelmann, <\/em>Kristina<\/td><td>Digital Markets Act und Digital Services Act: Die Europ\u00e4ische Kommission stellt zwei Verordnungsentw\u00fcrfe zur Reform der Digital- und Wettbewerbsregeln vor<\/td><td><a href=\"https:\/\/www.gleisslutz.com\/de\/aktuelles\/know-how\/Digital_Markets_Act_und_Digital_Services_Act.html\">Gleiss Lutz<\/a><\/td><td>23.12.2020<\/td><\/tr><tr><td><em>Ib\u00e1\u00f1ez Colomo<\/em>, Pablo<\/td><td>The Draft Digital Markets Act: A Legal and Institutional Analysis<\/td><td><a href=\"https:\/\/papers.ssrn.com\/sol3\/papers.cfm?abstract_id=3790276\">SSRN<\/a><\/td><td>22.02.2021<\/td><\/tr><tr><td><em>K\u00e4seberg<\/em>, Thorsten<\/td><td>Wie Wettbewerbspolitik und&nbsp;Digital Markets Act&nbsp;sich wechselseitig inspirieren k\u00f6nnen<\/td><td>NZKart 2021, 529<\/td><td><\/td><\/tr><tr><td><em><i>K<\/i>erber<\/em>, Wolfgang<\/td><td>Datenrechtliche Aspekte des Digital Markets Act<\/td><td>ZD 2021, 544<\/td><td><\/td><\/tr><tr><td><em>Kr\u00e4mer<\/em>, Jan\/ <em>Schnurr<\/em>, Daniel<\/td><td>Big Data and Digital Markets Contestability: Theory of Harm and Data Access Remedies<\/td><td><a href=\"https:\/\/papers.ssrn.com\/sol3\/papers.cfm?abstract_id=3789510\">SSRN<\/a><\/td><td>20.02.2021<\/td><\/tr><tr><td><em>Leistner<\/em>, Matthias<\/td><td>The Commission\u2019s vision for Europe\u2019s Digital Future: Proposals for the Data Governance Act, the Digital Markets Act and the Digital Services Act \u2013 A critical primer<\/td><td><a href=\"https:\/\/papers.ssrn.com\/sol3\/papers.cfm?abstract_id=3789041\">SSRN<\/a><\/td><td>23.02.2021<\/td><\/tr><tr><td><em>Legner<\/em>, Sarah<\/td><td>Verhaltenspflichten f\u00fcr Torw\u00e4chter im Digital Markets Act<\/td><td>Zeitschrift f\u00fcr Wirtschafts- und Bankrecht 2023, 1901<\/td><td><\/td><\/tr><tr><td><em>L\u00fcbbig,&nbsp;<\/em>Thomas\/&nbsp;<em>Schley,&nbsp;<\/em>Ole<\/td><td>Doppelte Bescherung: Zu DMA und GWB10<\/td><td><a href=\"https:\/\/www.d-kart.de\/blog\/2020\/12\/21\/doppelte-bescherung-zu-dma-und-gwb10\/\">D-Kart<br><\/a><\/td><td>21.12.2020<\/td><\/tr><tr><td><em>Lundqvist<\/em>, Bj\u00f6rn<\/td><td>The Proposed&nbsp;Digital Markets Act&nbsp;and Access to Data: A Revolution, or Not?<\/td><td>IIC 2021, 239<\/td><td><\/td><\/tr><tr><td><em>Meyer<\/em>, Lennart<\/td><td>Bestreitbare M\u00e4rkte im digitalen Sektor durch Wettbewerb um besseren Datenschutz<\/td><td>EuZW, 2023, 1134<\/td><td><\/td><\/tr><tr><td><em>M\u00f6ller<\/em>, Doris<\/td><td>Digitalisierung: EU-Kommission legt Verordnungsentw\u00fcrfe zum Gesetz \u00fcber digitale Dienste (DSA) und digitale M\u00e4rkte (DMA) vor<\/td><td>EuZW 2021, 94<\/td><td><\/td><\/tr><tr><td><em>Monti<\/em>, Giorgio<\/td><td>The Digital Markets Act \u2013 Institutional Design and Suggestions for Improvement<\/td><td>TILEC Discussion Paper No. 2021-04, available at <a href=\"https:\/\/papers.ssrn.com\/sol3\/papers.cfm?abstract_id=3797730\">SSRN<\/a><\/td><td>22.02.2021<\/td><\/tr><tr><td><em>Paal<\/em>, Boris\/ <em>Kumkar<\/em>, Lea<\/td><td>Wettbewerbsschutz in der Digitalwirtschaft<\/td><td>NJW 2021, 809<\/td><td><\/td><\/tr><tr><td><em>Podszun<\/em>, Rupprecht<\/td><td>Should Gatekeepers be allowed to combine data? Ideas for Art. 5(a) of the Draft Digital Markets Act<\/td><td>GRUR Int. 2022, 197<\/td><td><\/td><\/tr><tr><td><em>Podszun<\/em>, Rupprecht\/ <em>Bongartz<\/em>, Philipp\/ <em>Kirk<\/em>, Alexander<\/td><td>Digital Markets Act \u2013 Neue Regeln f\u00fcr Fairness in der Plattform\u00f6konomie<\/td><td>NJW 2022, 3249<\/td><td><\/td><\/tr><tr><td><em>Podszun<\/em>, Rupprecht\/ <em>Bongartz<\/em>, Philipp\/ <em>Langenstein<\/em>, Sarah<\/td><td>Proposals on how to improve the<br>Digital Markets Act<\/td><td><a href=\"https:\/\/papers.ssrn.com\/sol3\/papers.cfm?abstract_id=3788571\">SSRN<\/a><\/td><td>18.02.2021<\/td><\/tr><tr><td><em>Richter<\/em>, Ann-Christin\/ <em>G\u00f6mann<\/em>, Merlin<\/td><td>Private Enforcement des DMA \u2013 Ein Ausblick am Beispiel Amazons<\/td><td>NZKart 2023, 208<\/td><td><\/td><\/tr><tr><td><em>Schomberg<\/em>, Sabrina<\/td><td>EU-Kommission: Entwurf eines&nbsp;Digital Markets Act<\/td><td>ZD-Aktuell 2021, 05042<\/td><td><\/td><\/tr><tr><td><em>Schweitzer<\/em>, Heike<\/td><td>The Art to Make Gatekeeper Positions Contestable and the Challenge to Know What Is Fair: A Discussion of the&nbsp;Digital Markets Act&nbsp;Proposal<\/td><td>ZEuP 2021, 503<\/td><td><\/td><\/tr><tr><td>Schweitzer, Heike\/ Metzger, Alex<\/td><td>Data Access under the Draft Data Act, Competition Law and the DMA: Opening the Data Treasures for Competition and Innovation?<\/td><td>GRUR Int. 2023, 337<\/td><td><\/td><\/tr><tr><td><em>Seip<\/em>, Fabian\/ <em>Berberich<\/em>, Matthias<\/td><td>Der Entwurf des Digital Markets Act<\/td><td>GRUR-Prax 2021, 44<\/td><td><\/td><\/tr><tr><td><em>Vezzoso<\/em>, Simonetta<\/td><td>The Dawn of Pro-Competition Data Regulation for Gatekeepers in the EU<\/td><td><a href=\"https:\/\/papers.ssrn.com\/sol3\/papers.cfm?abstract_id=3772724\">SSRN<\/a><\/td><td>25.01.2021<\/td><\/tr><tr><td>Wielsch, Dan<\/td><td>Wettbewerbsrecht zweiter Ordnung: Der DMA als Teil einer digitalen Medienverfassung<\/td><td>ZUM 2023, 153<\/td><td><\/td><\/tr><\/tbody><\/table><\/figure>\n\n\n\n<p><\/p>\n","protected":false},"excerpt":{"rendered":"<p>Der Digital Markets Act wurde am 15.12.2020 von der Kommission beschlossen und soll f\u00fcr Gatekeeper eine Regulierung in Form eines Verbotskatalogs f\u00fcr bestimmte Verhaltensweisen einf\u00fchren. Downloads An dieser Stelle finden Sie Materialien, die von Studentinnen und Studenten zum Facebook-Fall erstellt wurden. Aufs\u00e4tze Autor Titel Ver\u00f6ffentlichung Datum Basedow, J\u00fcrgen Das Rad neu erfunden: Zum Vorschlag f\u00fcr einen Digital Markets Act ZEuP, Vol. 29, 2021, available at SSRN Belloso, Natalia Moreno\/ Petit, Nicolas The EU Digital Markets Act (DMA): A Competition Hand&#8230;<\/p>\n<p class=\"read-more\"><a class=\"btn btn-default\" href=\"https:\/\/www.d-kart.de\/en\/der-digital-markets-act\/\"> Read More<span class=\"screen-reader-text\">  Read More<\/span><\/a><\/p>\n","protected":false},"author":9,"featured_media":5135,"parent":0,"menu_order":0,"comment_status":"closed","ping_status":"closed","template":"","meta":{"footnotes":""},"class_list":["post-4878","page","type-page","status-publish","has-post-thumbnail","hentry"],"translation":{"provider":"WPGlobus","version":"3.0.0","language":"en","enabled_languages":["de","en"],"languages":{"de":{"title":true,"content":true,"excerpt":false},"en":{"title":false,"content":false,"excerpt":false}}},"_links":{"self":[{"href":"https:\/\/www.d-kart.de\/en\/wp-json\/wp\/v2\/pages\/4878","targetHints":{"allow":["GET"]}}],"collection":[{"href":"https:\/\/www.d-kart.de\/en\/wp-json\/wp\/v2\/pages"}],"about":[{"href":"https:\/\/www.d-kart.de\/en\/wp-json\/wp\/v2\/types\/page"}],"author":[{"embeddable":true,"href":"https:\/\/www.d-kart.de\/en\/wp-json\/wp\/v2\/users\/9"}],"replies":[{"embeddable":true,"href":"https:\/\/www.d-kart.de\/en\/wp-json\/wp\/v2\/comments?post=4878"}],"version-history":[{"count":47,"href":"https:\/\/www.d-kart.de\/en\/wp-json\/wp\/v2\/pages\/4878\/revisions"}],"predecessor-version":[{"id":9532,"href":"https:\/\/www.d-kart.de\/en\/wp-json\/wp\/v2\/pages\/4878\/revisions\/9532"}],"wp:featuredmedia":[{"embeddable":true,"href":"https:\/\/www.d-kart.de\/en\/wp-json\/wp\/v2\/media\/5135"}],"wp:attachment":[{"href":"https:\/\/www.d-kart.de\/en\/wp-json\/wp\/v2\/media?parent=4878"}],"curies":[{"name":"wp","href":"https:\/\/api.w.org\/{rel}","templated":true}]}}