{"id":4771,"date":"2021-01-12T12:13:17","date_gmt":"2021-01-12T11:13:17","guid":{"rendered":"https:\/\/www.d-kart.de\/?page_id=4771"},"modified":"2024-12-01T12:33:29","modified_gmt":"2024-12-01T11:33:29","slug":"der-fall-facebook","status":"publish","type":"page","link":"https:\/\/www.d-kart.de\/en\/der-fall-facebook\/","title":{"rendered":"The Facebook Case"},"content":{"rendered":"\n<p>The Bundeskartellamt&#8217;s proceedings against Facebook &#8211; internationally known as &#8220;the Facebook (Germany) case&#8221; &#8211; is one of the most important and exciting antitrust proceedings in recent history. The law of abuse of a dominant market position (abuse of conditions, exploitative abuse, exclusionary abuse) comes into play here in a fundamental way &#8211; market definition, market power analysis, concept of abuse and numerous detailed questions are affected. The border areas to other legal topics &#8211; especially data protection &#8211; are explored. The case is also exciting from a procedural and institutional perspective &#8211; with numerous twists and turns between the Federal Cartel Office, the D\u00fcsseldorf Higher Regional Court and the Federal Supreme Court. The media coverage is unparalleled in antitrust law. And last but not least, the legislators reacted to the case during the proceedings with the GWB Digitisation Act (10th GWB amendment) and the draft Digital Markets Act (EU Commission).<\/p>\n\n\n\n<p><br>In a project at Heinrich Heine University D\u00fcsseldorf, Prof. Dr. Rupprecht Podszun worked on the case with students in the winter semester 2020\/2021. On these pages you will find the numerous information and materials that were compiled and created for this purpose. The site is a work in progress and will continue to compile the materials. We are grateful for any comments.<\/p>\n\n\n\n<p><br>The following students were involved in the project:<\/p>\n\n\n\n<p>Torben Bastians, Chrissa Borodimou, Anton Butuzov, Lina Dyvak, Marius Engelmann, Julian Franke, Sophia Gr\u00f6f, Johann Henke, Kerstin Hermsen, Jonathan Horst, Leah Kemp, Jan K\u00f6ster, Tom Linge, Julia Linnartz, Melanie Lunemann, Murat Oktay, S\u00f6ren Olfen, Lisa Pawlak, Melina Rytir, Sarah Saleh, Alexander Schauenburg, Lioba Schmitz, Lena-Sophie Siewert, Jan Sohn, K\u00fcbra Teknetas und Magnus Wegmann.<\/p>\n\n\n\n<p><strong>PLEASE TURN TO THE <a href=\"https:\/\/www.d-kart.de\/der-fall-facebook\/\">GERMAN PAGE<\/a> TO ACCESS THE POSTINGS, THANK YOU!<\/strong> <\/p>\n","protected":false},"excerpt":{"rendered":"<p>The Bundeskartellamt&#8217;s proceedings against Facebook &#8211; internationally known as &#8220;the Facebook (Germany) case&#8221; &#8211; is one of the most important and exciting antitrust proceedings in recent history. The law of abuse of a dominant market position (abuse of conditions, exploitative abuse, exclusionary abuse) comes into play here in a fundamental way &#8211; market definition, market power analysis, concept of abuse and numerous detailed questions are affected. The border areas to other legal topics &#8211; especially data protection &#8211; are explored&#8230;.<\/p>\n<p class=\"read-more\"><a class=\"btn btn-default\" href=\"https:\/\/www.d-kart.de\/en\/der-fall-facebook\/\"> Read More<span class=\"screen-reader-text\">  Read More<\/span><\/a><\/p>\n","protected":false},"author":9,"featured_media":4782,"parent":0,"menu_order":0,"comment_status":"closed","ping_status":"closed","template":"","meta":{"footnotes":""},"class_list":["post-4771","page","type-page","status-publish","has-post-thumbnail","hentry"],"translation":{"provider":"WPGlobus","version":"3.0.0","language":"en","enabled_languages":["de","en"],"languages":{"de":{"title":true,"content":true,"excerpt":false},"en":{"title":true,"content":true,"excerpt":false}}},"_links":{"self":[{"href":"https:\/\/www.d-kart.de\/en\/wp-json\/wp\/v2\/pages\/4771","targetHints":{"allow":["GET"]}}],"collection":[{"href":"https:\/\/www.d-kart.de\/en\/wp-json\/wp\/v2\/pages"}],"about":[{"href":"https:\/\/www.d-kart.de\/en\/wp-json\/wp\/v2\/types\/page"}],"author":[{"embeddable":true,"href":"https:\/\/www.d-kart.de\/en\/wp-json\/wp\/v2\/users\/9"}],"replies":[{"embeddable":true,"href":"https:\/\/www.d-kart.de\/en\/wp-json\/wp\/v2\/comments?post=4771"}],"version-history":[{"count":59,"href":"https:\/\/www.d-kart.de\/en\/wp-json\/wp\/v2\/pages\/4771\/revisions"}],"predecessor-version":[{"id":10042,"href":"https:\/\/www.d-kart.de\/en\/wp-json\/wp\/v2\/pages\/4771\/revisions\/10042"}],"wp:featuredmedia":[{"embeddable":true,"href":"https:\/\/www.d-kart.de\/en\/wp-json\/wp\/v2\/media\/4782"}],"wp:attachment":[{"href":"https:\/\/www.d-kart.de\/en\/wp-json\/wp\/v2\/media?parent=4771"}],"curies":[{"name":"wp","href":"https:\/\/api.w.org\/{rel}","templated":true}]}}