{"id":3522,"date":"2020-03-27T12:15:48","date_gmt":"2020-03-27T11:15:48","guid":{"rendered":"https:\/\/www.d-kart.de\/?page_id=3522"},"modified":"2020-04-07T21:27:07","modified_gmt":"2020-04-07T19:27:07","slug":"greetings-from-florian-haus","status":"publish","type":"page","link":"https:\/\/www.d-kart.de\/en\/greetings-from-florian-haus\/","title":{"rendered":"Greetings from Florian Haus!"},"content":{"rendered":"\n<p>Nachdem ich gelernt habe, das \u201ehome office\u201c ungef\u00e4hr so englisch ist wie\n\u201eHandy\u201c sende ich einfach Gr\u00fc\u00dfe vom heimischen Schreibtisch! Dieser ist in\nmeinem Fall ein vielleicht 80 Jahre alter Sekret\u00e4r, der \u2013 jedenfalls seit er\nbei uns ist \u2013 noch nie so viel benutzt wurde wie in diesen Tagen. Wie wohl f\u00fcr\ndie meisten aus der kartellrechtlichen Community f\u00e4llt es mir relativ leicht,\ndie juristische Arbeit nach Hause zu verlegen. Was ich vermisse, ist der\nzwanglose Austausch auf dem Flur im B\u00fcro sowie die Konferenzen und\nArbeitstagungen, mit denen wir aktiven Kartellrechtler regelm\u00e4\u00dfig untereinander\nKontakt halten. Die Projekte laufen erfreulicherweise weiter. Derzeit\nbesch\u00e4ftigen mich u.a. drei Gemeinschaftsunternehmen \u2013 zwei in Gr\u00fcndung, eines\nin Entflechtung. Die M\u00e4rkte sind spannend und die F\u00e4lle keine \u201eno-brainer\u201c,\ninsofern wird es nicht langweilig.<\/p>\n\n\n\n<p>Als Kartellrechtler denke ich angesichts der Pandemie: Wettbewerb ist ein\nEntdeckungsverfahren \u2013 wir leiden zwar und m\u00fcssen uns anstrengen, aber wir\nwerden viel neues \u00fcber uns und die Welt erfahren (Gutes und weniger Gutes). Ich\ndr\u00fccke den Blog-Lesern und -Schreibern sowie unseren Mandanten,\nFamilienangeh\u00f6rigen und Kollegen die Daumen, dass m\u00f6glichst alle unbeschadet\nund gest\u00e4rkt aus der Krise hervorgehen. Mein Dank gilt vor allem jenen, die\nihren Job ohne die M\u00f6glichkeit der Flucht ins&nbsp;<s>Home office<\/s>&nbsp;heimische\nArbeitszimmer machen!<\/p>\n\n\n\n<p>Florian Haus<\/p>\n\n\n\n<p><em>Dr. Florian Haus ist Partner bei Flick Gocke Schaumburg.<\/em> <em>Er leitet die Regionalgruppe Rheinland der Studienvereinigung Kartellrecht.<\/em><\/p>\n\n\n\n<p><a href=\"https:\/\/www.d-kart.de\/en\/blog\/2020\/03\/27\/greetings-from-home-office\/\">Back to all Greetings from Home Office<\/a><\/p>\n","protected":false},"excerpt":{"rendered":"<p>Nachdem ich gelernt habe, das \u201ehome office\u201c ungef\u00e4hr so englisch ist wie \u201eHandy\u201c sende ich einfach Gr\u00fc\u00dfe vom heimischen Schreibtisch! Dieser ist in meinem Fall ein vielleicht 80 Jahre alter Sekret\u00e4r, der \u2013 jedenfalls seit er bei uns ist \u2013 noch nie so viel benutzt wurde wie in diesen Tagen. Wie wohl f\u00fcr die meisten aus der kartellrechtlichen Community f\u00e4llt es mir relativ leicht, die juristische Arbeit nach Hause zu verlegen. Was ich vermisse, ist der zwanglose Austausch auf dem&#8230;<\/p>\n<p class=\"read-more\"><a class=\"btn btn-default\" href=\"https:\/\/www.d-kart.de\/en\/greetings-from-florian-haus\/\"> Read More<span class=\"screen-reader-text\">  Read More<\/span><\/a><\/p>\n","protected":false},"author":9,"featured_media":3523,"parent":0,"menu_order":0,"comment_status":"closed","ping_status":"closed","template":"","meta":{"footnotes":""},"class_list":["post-3522","page","type-page","status-publish","has-post-thumbnail","hentry"],"translation":{"provider":"WPGlobus","version":"3.0.0","language":"en","enabled_languages":["de","en"],"languages":{"de":{"title":true,"content":true,"excerpt":false},"en":{"title":false,"content":false,"excerpt":false}}},"_links":{"self":[{"href":"https:\/\/www.d-kart.de\/en\/wp-json\/wp\/v2\/pages\/3522","targetHints":{"allow":["GET"]}}],"collection":[{"href":"https:\/\/www.d-kart.de\/en\/wp-json\/wp\/v2\/pages"}],"about":[{"href":"https:\/\/www.d-kart.de\/en\/wp-json\/wp\/v2\/types\/page"}],"author":[{"embeddable":true,"href":"https:\/\/www.d-kart.de\/en\/wp-json\/wp\/v2\/users\/9"}],"replies":[{"embeddable":true,"href":"https:\/\/www.d-kart.de\/en\/wp-json\/wp\/v2\/comments?post=3522"}],"version-history":[{"count":4,"href":"https:\/\/www.d-kart.de\/en\/wp-json\/wp\/v2\/pages\/3522\/revisions"}],"predecessor-version":[{"id":3711,"href":"https:\/\/www.d-kart.de\/en\/wp-json\/wp\/v2\/pages\/3522\/revisions\/3711"}],"wp:featuredmedia":[{"embeddable":true,"href":"https:\/\/www.d-kart.de\/en\/wp-json\/wp\/v2\/media\/3523"}],"wp:attachment":[{"href":"https:\/\/www.d-kart.de\/en\/wp-json\/wp\/v2\/media?parent=3522"}],"curies":[{"name":"wp","href":"https:\/\/api.w.org\/{rel}","templated":true}]}}