{"id":3512,"date":"2020-03-27T12:04:45","date_gmt":"2020-03-27T11:04:45","guid":{"rendered":"https:\/\/www.d-kart.de\/?page_id=3512"},"modified":"2020-03-30T18:57:44","modified_gmt":"2020-03-30T16:57:44","slug":"greetings-from-silke-heinz","status":"publish","type":"page","link":"https:\/\/www.d-kart.de\/en\/greetings-from-silke-heinz\/","title":{"rendered":"Greetings from Silke Heinz!"},"content":{"rendered":"\n<p>Viele Gr\u00fc\u00dfe mit einem Selfie aus K\u00f6ln \u2013\nich breite mich im Home-Office gnadenlos auch jenseits des Arbeitszimmers\naus.&nbsp;<\/p>\n\n\n\n<p>Derzeit besch\u00e4ftige ich mich mit \u00a7 20\nGWB und Preis- und Konditionendiskriminierung: ein Thema, das prim\u00e4r beim\nMissbrauch einer marktbeherrschenden Stellung eine Rolle spielt, was aber auch\nbei relativer Marktmacht einschl\u00e4gig sein kann.&nbsp;<\/p>\n\n\n\n<p>Au\u00dferdem nat\u00fcrlich mit Anfragen, inwieweit man in Krisenzeiten mit Wettbewerbern kooperieren darf.&nbsp; Da gab es inzwischen Kommunikationen vom ECN und nationalen Beh\u00f6rden.&nbsp; Hier spielt erfreulicherweise der gesunde Menschenverstand eine Rolle: Datenaustausch und Kooperationen in der Belieferung zur Sicherstellung der Versorgung der Bev\u00f6lkerung sind weitgehend zul\u00e4ssig.&nbsp; Selbst eine \u201eMarktaufteilung\u201c d\u00fcrfte \u2013 wenn es wirklich nur um die effiziente Aufrechterhaltung der Versorgung der Kunden und Verbraucher geht, die ansonsten in dieser Krise gef\u00e4hrdet w\u00e4re \u2013 ausnahmsweise keine Kernbeschr\u00e4nkung des Wettbewerbs darstellen, weil wohl kein wettbewerbswidriger Zweck vorl\u00e4ge. &nbsp;Allerdings sind solche Ausnahmen eng auszulegen und eine Einzelfallanalyse erforderlich. (Gegebenenfalls sollte und kann man das auch mit dem BKartA abstimmen.)&nbsp; Schlie\u00dflich sollte man anl\u00e4sslich solcher Kooperationen nicht auch noch nebenher die Preise abstimmen oder vereinbaren, sich jetzt keinen Preiswettbewerb zu machen \u2013 das w\u00fcrde generell \u00fcber das Erforderliche hinausgehen und von Beh\u00f6rden wohl als Kartell eingestuft. &nbsp;<\/p>\n\n\n\n<p>Noch eine Bemerkung: \u00d6konomische Ausnahmesituationen k\u00f6nnen f\u00fcr die kartellrechtliche Compliance erh\u00f6hte Risiken bergen.&nbsp; Es gibt viele Beispiele von Kartellen, die in Reaktion auf ungew\u00f6hnliche \u00f6konomische Entwicklungen erfolgten (z.B. rasante Stahlpreiserh\u00f6hung).&nbsp; Dies spielt jetzt zwar noch keine gro\u00dfe Rolle \u2013 aber wenn die Wirtschaft hoffentlich in nicht allzu ferner Zeit wieder anf\u00e4hrt, mag die Drucksituation daf\u00fcr vermeintliche Anreize bieten.&nbsp; Hier sollten dann auch die Compliance-Abteilungen in den Unternehmen vorbereitet sein und vorbeugend t\u00e4tig werden.<\/p>\n\n\n\n<p>Das wichtigste ist aber, die\ngesundheitliche Krise in den Griff zu kriegen.&nbsp; Bleiben Sie bitte alle,\nsoweit es geht, zuhause und vor allem gesund! &nbsp;&nbsp;<\/p>\n\n\n\n<p>Beste Gr\u00fc\u00dfe &#8211; Silke Heinz <\/p>\n\n\n\n<p><em> Silke Heinz, LL.M. (Br\u00fcgge) ist Partnerin bei Heinz &amp; Zagrosek, K\u00f6ln. <\/em><\/p>\n\n\n\n<p><a href=\"https:\/\/www.d-kart.de\/blog\/2020\/03\/27\/greetings-from-home-office\/\">Back to all Greetings from Home Office<\/a><\/p>\n","protected":false},"excerpt":{"rendered":"<p>Viele Gr\u00fc\u00dfe mit einem Selfie aus K\u00f6ln \u2013 ich breite mich im Home-Office gnadenlos auch jenseits des Arbeitszimmers aus.&nbsp; Derzeit besch\u00e4ftige ich mich mit \u00a7 20 GWB und Preis- und Konditionendiskriminierung: ein Thema, das prim\u00e4r beim Missbrauch einer marktbeherrschenden Stellung eine Rolle spielt, was aber auch bei relativer Marktmacht einschl\u00e4gig sein kann.&nbsp; Au\u00dferdem nat\u00fcrlich mit Anfragen, inwieweit man in Krisenzeiten mit Wettbewerbern kooperieren darf.&nbsp; Da gab es inzwischen Kommunikationen vom ECN und nationalen Beh\u00f6rden.&nbsp; Hier spielt erfreulicherweise der gesunde Menschenverstand&#8230;<\/p>\n<p class=\"read-more\"><a class=\"btn btn-default\" href=\"https:\/\/www.d-kart.de\/en\/greetings-from-silke-heinz\/\"> Read More<span class=\"screen-reader-text\">  Read More<\/span><\/a><\/p>\n","protected":false},"author":9,"featured_media":3515,"parent":0,"menu_order":0,"comment_status":"closed","ping_status":"closed","template":"","meta":{"footnotes":""},"class_list":["post-3512","page","type-page","status-publish","has-post-thumbnail","hentry"],"translation":{"provider":"WPGlobus","version":"3.0.0","language":"en","enabled_languages":["de","en"],"languages":{"de":{"title":true,"content":true,"excerpt":false},"en":{"title":false,"content":false,"excerpt":false}}},"_links":{"self":[{"href":"https:\/\/www.d-kart.de\/en\/wp-json\/wp\/v2\/pages\/3512","targetHints":{"allow":["GET"]}}],"collection":[{"href":"https:\/\/www.d-kart.de\/en\/wp-json\/wp\/v2\/pages"}],"about":[{"href":"https:\/\/www.d-kart.de\/en\/wp-json\/wp\/v2\/types\/page"}],"author":[{"embeddable":true,"href":"https:\/\/www.d-kart.de\/en\/wp-json\/wp\/v2\/users\/9"}],"replies":[{"embeddable":true,"href":"https:\/\/www.d-kart.de\/en\/wp-json\/wp\/v2\/comments?post=3512"}],"version-history":[{"count":6,"href":"https:\/\/www.d-kart.de\/en\/wp-json\/wp\/v2\/pages\/3512\/revisions"}],"predecessor-version":[{"id":3612,"href":"https:\/\/www.d-kart.de\/en\/wp-json\/wp\/v2\/pages\/3512\/revisions\/3612"}],"wp:featuredmedia":[{"embeddable":true,"href":"https:\/\/www.d-kart.de\/en\/wp-json\/wp\/v2\/media\/3515"}],"wp:attachment":[{"href":"https:\/\/www.d-kart.de\/en\/wp-json\/wp\/v2\/media?parent=3512"}],"curies":[{"name":"wp","href":"https:\/\/api.w.org\/{rel}","templated":true}]}}