{"id":16,"date":"2017-06-01T12:23:39","date_gmt":"2017-06-01T10:23:39","guid":{"rendered":"http:\/\/d-kart.de\/?page_id=16"},"modified":"2020-07-29T17:02:46","modified_gmt":"2020-07-29T15:02:46","slug":"impressum","status":"publish","type":"page","link":"https:\/\/www.d-kart.de\/en\/impressum\/","title":{"rendered":"Impressum"},"content":{"rendered":"<p><strong>Zentrale Adresse der Heinrich-Heine-Universit\u00e4t D\u00fcsseldorf<\/strong><\/p>\n<div id=\"c700\" class=\"csc-default\">\n<p class=\"bodytext\">Heinrich-Heine-Universit\u00e4t D\u00fcsseldorf<br \/>\nUniversit\u00e4tsstra\u00dfe 1<br \/>\n40225 D\u00fcsseldorf<\/p>\n<p class=\"bodytext\">Tel.: +49 211 81-00<\/p>\n<p class=\"bodytext\">Die Heinrich-Heine-Universit\u00e4t D\u00fcsseldorf (HHU) ist eine K\u00f6rperschaft des \u00f6ffentlichen Rechts.<\/p>\n<\/div>\n<p><a id=\"c4971x\" name=\"c4971\"><\/a><\/p>\n<div id=\"c4971\" class=\"csc-default\">\n<div class=\"csc-header csc-header-n2\">\n<h4><strong>Gesetzlicher Vertreter<\/strong><\/h4>\n<\/div>\n<p class=\"bodytext\">Rektorin\u00a0Prof. Dr. Anja Steinbeck<\/p>\n<\/div>\n<p><a id=\"c4973x\" name=\"c4973\"><\/a><\/p>\n<div id=\"c4973\" class=\"csc-default\">\n<div class=\"csc-header csc-header-n3\">\n<h4><strong>Zust\u00e4ndige Aufsichtsbeh\u00f6rde<\/strong><\/h4>\n<\/div>\n<p class=\"bodytext\">Ministerium f\u00fcr Innovation, Wissenschaft und Forschung des Landes Nordrhein-Westfalen<br \/>\nV\u00f6lklinger Stra\u00dfe 49<br \/>\n40221 D\u00fcsseldorf<\/p>\n<\/div>\n<p><a id=\"c4974x\" name=\"c4974\"><\/a><\/p>\n<div id=\"c4974\" class=\"csc-default\">\n<div class=\"csc-header csc-header-n4\">\n<h4><strong>Umsatzsteuer-Identifikationsnummer<\/strong><\/h4>\n<\/div>\n<p class=\"bodytext\">gem\u00e4\u00df \u00a727a Umsatzsteuergesetz<\/p>\n<p class=\"bodytext\">DE 811222416<\/p>\n<\/div>\n<p><a id=\"c4978x\" name=\"c4978\"><\/a><\/p>\n<div id=\"c4978\" class=\"csc-default\">\n<div class=\"csc-header csc-header-n5\">\n<h4><strong>Herausgeber der Web-Seiten<\/strong><\/h4>\n<\/div>\n<p class=\"bodytext\">Rektorin\u00a0Prof. Dr. Anja Steinbeck<\/p>\n<\/div>\n<p><a id=\"c4975x\" name=\"c4975\"><\/a><\/p>\n<div id=\"c4975\" class=\"csc-default\">\n<div class=\"csc-header csc-header-n6\">\n<h4><strong>Redaktion<\/strong><\/h4>\n<\/div>\n<p class=\"bodytext\">Prof. Dr. Christian Kersting, LL.M. (Yale) \/ Prof. Dr. Rupprecht Podszun<\/p>\n<p class=\"bodytext\">Institut f\u00fcr Kartellrecht<br \/>\nHeinrich-Heine-Universit\u00e4t D\u00fcsseldorf<br \/>\nUniversit\u00e4tsstra\u00dfe 1<br \/>\n40225 D\u00fcsseldorf<\/p>\n<p class=\"bodytext\">Tel.: +49 211 81-11660 bzw. -12048<\/p>\n<p class=\"bodytext\"><a href=\"mailto:ikartr@hhu.de\">E-Mail senden<\/a><\/p>\n<\/div>\n<p><a id=\"c4976x\" name=\"c4976\"><\/a><\/p>\n<div id=\"c4976\" class=\"csc-default\"><\/div>\n<div id=\"c4979\" class=\"csc-default\"><\/div>\n<p>Die einzelnen Einrichtungen, Fakult\u00e4ten, Institute, Seminare und Verwaltungsstellen der Universit\u00e4t sind f\u00fcr die Erstellung und Pflege ihrer Webseiten zust\u00e4ndig. Die Autoren der Webseiten sind f\u00fcr die jeweiligen Inhalte verantwortlich. Falls Sie Fragen zu einem dieser Internetangebote haben, wenden Sie sich bitte an den zust\u00e4ndigen Autor.<\/p>\n<div id=\"c4980\" class=\"csc-default\">\n<p class=\"bodytext\">Meldungen \u00fcber missbr\u00e4uchliche Nutzungen, die von Stationen aus dem IP-Namensbereich \u201euni-duesseldorf.de\u201c ausgehen, senden sie bitte eine\u00a0E-Mail an das Computer Emergency Response Team (CERT) der HHU:<\/p>\n<p class=\"bodytext\"><a href=\"mailto:cert@uni-duesseldorf.de\">E-Mail senden<\/a><\/p>\n<p class=\"bodytext\">Mit der Nutzung der frei zug\u00e4nglichen und kostenlosen Inhalte kommt keinerlei Vertragsverh\u00e4ltnis zwischen dem Nutzer und dem Anbieter zustande.<\/p>\n<\/div>\n<p><a id=\"c699x\" name=\"c699\"><\/a><\/p>\n<div id=\"c699\" class=\"csc-default\">\n<div class=\"csc-header csc-header-n10\">\n<h3>Haftung f\u00fcr Inhalte<\/h3>\n<\/div>\n<p class=\"bodytext\">Die Inhalte der Seiten der Heinrich-Heine-Universit\u00e4t wurden mit gr\u00f6\u00dfter Sorgfalt erstellt. F\u00fcr die Richtigkeit, Vollst\u00e4ndigkeit und Aktualit\u00e4t der Inhalte wird jedoch keine Gew\u00e4hr \u00fcbernommen.<\/p>\n<p class=\"bodytext\">Als Diensteanbieter ist die Heinrich-Heine-Universit\u00e4t gem\u00e4\u00df \u00a7 7 Abs. 1 Telemediengesetz (TMG) f\u00fcr eigene Inhalte auf diesen Seiten nach den allgemeinen Gesetzen verantwortlich. Nach \u00a7\u00a7 8-10 TMG ist die Heinrich-Heine-Universit\u00e4t als Diensteanbieter jedoch nicht verpflichtet, \u00fcbermittelte oder gespeicherte fremde Informationen zu \u00fcberwachen oder nach Umst\u00e4nden zu forschen, die auf eine rechtswidrige T\u00e4tigkeit hinweisen. Verpflichtungen zur Entfernung oder Sperrung der Nutzung von Informationen nach den allgemeinen Gesetzen bleiben hiervon unber\u00fchrt. Eine diesbez\u00fcgliche Haftung ist jedoch erst ab dem Zeitpunkt der Kenntnis einer konkreten Rechtsverletzung m\u00f6glich. Bei dem Bekanntwerden von entsprechenden Rechtsverletzungen werden die Inhalte umgehend entfernt.<\/p>\n<\/div>\n<p><a id=\"c4972x\" name=\"c4972\"><\/a><\/p>\n<div id=\"c4972\" class=\"csc-default\">\n<div class=\"csc-header csc-header-n11\">\n<h3>Haftung f\u00fcr Links<\/h3>\n<\/div>\n<p class=\"bodytext\">Diese Webseite enth\u00e4lt Verkn\u00fcpfungen zu Webseiten Dritter (\u201eexterne Links\u201c). Diese Webseiten unterliegen der Haftung der jeweiligen Betreiber, so dass die Heinrich-Heine-Universit\u00e4t D\u00fcsseldorf f\u00fcr diese fremden Inhalte keine Gew\u00e4hr \u00fcbernimmt. Die verlinkten Seiten wurden zum Zeitpunkt der Verlinkung auf m\u00f6gliche Rechtsverst\u00f6\u00dfe \u00fcberpr\u00fcft. Rechtswidrige Inhalte waren zum Zeitpunkt der Verlinkung nicht erkennbar. Eine permanente inhaltliche Kontrolle der verlinkten Seiten ist jedoch ohne konkrete Anhaltspunkte einer Rechtsverletzung nicht zumutbar, so dass sich die Heinrich-Heine-Universit\u00e4t D\u00fcsseldorf hiermit ausdr\u00fccklich von allen Inhalten der gelinkten\/verkn\u00fcpften Seiten, die nach der Linksetzung ver\u00e4ndert wurden, distanziert. F\u00fcr illegale, fehlerhafte oder unvollst\u00e4ndige Inhalte und insbesondere f\u00fcr Sch\u00e4den, die aus der Nutzung oder Nichtnutzung solcher Art dargebotener Informationen entstehen, haftet allein der Anbieter der Seite, auf welche verwiesen wurde, nicht derjenige, der \u00fcber Links auf die jeweilige Ver\u00f6ffentlichung verweist.<\/p>\n<\/div>\n<p><a id=\"c1255x\" name=\"c1255\"><\/a><\/p>\n<div id=\"c1255\" class=\"csc-default\">\n<div class=\"csc-header csc-header-n12\">\n<h3>Urheberrecht<\/h3>\n<\/div>\n<p class=\"bodytext\">Durch die Seitenbetreiber erstellten Inhalte und Werke auf diesen Seiten unterliegen dem deutschen Urheberrecht. Die Vervielf\u00e4ltigung, Bearbeitung, Verbreitung\u00a0 und jede Art der Verwertung au\u00dferhalb der Grenzen des Urheberrechtes bed\u00fcrfen der schriftlichen Zustimmung des jeweiligen Autors bzw. Erstellers. Downloads und Kopien dieser Seite sind nur f\u00fcr den privaten, nichtkommerziellen Gebrauch gestattet. Soweit die Inhalte auf dieser Seite nicht vom Betreiber erstellt wurden, werden die Urheberrechte Dritter beachtet. Insbesondere werden Inhalte Dritter als solche gekennzeichnet.<\/p>\n<\/div>\n<p>D&#8217;Kart verwendet Bilder von unsplash.com.<\/p>\n","protected":false},"excerpt":{"rendered":"<p>Zentrale Adresse der Heinrich-Heine-Universit\u00e4t D\u00fcsseldorf Heinrich-Heine-Universit\u00e4t D\u00fcsseldorf Universit\u00e4tsstra\u00dfe 1 40225 D\u00fcsseldorf Tel.: +49 211 81-00 Die Heinrich-Heine-Universit\u00e4t D\u00fcsseldorf (HHU) ist eine K\u00f6rperschaft des \u00f6ffentlichen Rechts. Gesetzlicher Vertreter Rektorin\u00a0Prof. Dr. Anja Steinbeck Zust\u00e4ndige Aufsichtsbeh\u00f6rde Ministerium f\u00fcr Innovation, Wissenschaft und Forschung des Landes Nordrhein-Westfalen V\u00f6lklinger Stra\u00dfe 49 40221 D\u00fcsseldorf Umsatzsteuer-Identifikationsnummer gem\u00e4\u00df \u00a727a Umsatzsteuergesetz DE 811222416 Herausgeber der Web-Seiten Rektorin\u00a0Prof. Dr. Anja Steinbeck Redaktion Prof. Dr. Christian Kersting, LL.M. (Yale) \/ Prof. Dr. Rupprecht Podszun Institut f\u00fcr Kartellrecht Heinrich-Heine-Universit\u00e4t D\u00fcsseldorf Universit\u00e4tsstra\u00dfe 1 40225&#8230;<\/p>\n<p class=\"read-more\"><a class=\"btn btn-default\" href=\"https:\/\/www.d-kart.de\/en\/impressum\/\"> Read More<span class=\"screen-reader-text\">  Read More<\/span><\/a><\/p>\n","protected":false},"author":9,"featured_media":0,"parent":0,"menu_order":0,"comment_status":"closed","ping_status":"closed","template":"","meta":{"footnotes":""},"class_list":["post-16","page","type-page","status-publish","hentry"],"translation":{"provider":"WPGlobus","version":"3.0.0","language":"en","enabled_languages":["de","en"],"languages":{"de":{"title":true,"content":true,"excerpt":false},"en":{"title":false,"content":false,"excerpt":false}}},"_links":{"self":[{"href":"https:\/\/www.d-kart.de\/en\/wp-json\/wp\/v2\/pages\/16","targetHints":{"allow":["GET"]}}],"collection":[{"href":"https:\/\/www.d-kart.de\/en\/wp-json\/wp\/v2\/pages"}],"about":[{"href":"https:\/\/www.d-kart.de\/en\/wp-json\/wp\/v2\/types\/page"}],"author":[{"embeddable":true,"href":"https:\/\/www.d-kart.de\/en\/wp-json\/wp\/v2\/users\/9"}],"replies":[{"embeddable":true,"href":"https:\/\/www.d-kart.de\/en\/wp-json\/wp\/v2\/comments?post=16"}],"version-history":[{"count":23,"href":"https:\/\/www.d-kart.de\/en\/wp-json\/wp\/v2\/pages\/16\/revisions"}],"predecessor-version":[{"id":3962,"href":"https:\/\/www.d-kart.de\/en\/wp-json\/wp\/v2\/pages\/16\/revisions\/3962"}],"wp:attachment":[{"href":"https:\/\/www.d-kart.de\/en\/wp-json\/wp\/v2\/media?parent=16"}],"curies":[{"name":"wp","href":"https:\/\/api.w.org\/{rel}","templated":true}]}}